{"id":2,"date":"2021-07-15T09:26:54","date_gmt":"2021-07-15T12:26:54","guid":{"rendered":"http:\/\/fm22.com.ar\/?page_id=2"},"modified":"2021-09-21T10:40:59","modified_gmt":"2021-09-21T13:40:59","slug":"pagina-ejemplo","status":"publish","type":"page","link":"https:\/\/fm22.com.ar\/index.php\/pagina-ejemplo\/","title":{"rendered":"Sobre Nosotros"},"content":{"rendered":"<p>&nbsp;<\/p>\n<p><em>Somos un medio cuyo \u00fanico compromiso es con vos y con la verdad. Con mejor informaci\u00f3n, m\u00e1s canales de participaci\u00f3n y nuevos espacios de comunicaci\u00f3n, cada propuesta que llevamos adelante es otra forma de agradecer tu lugar en Todas Las Voces Todas, por eso seguimos haciendo periodismo.<\/em><\/p>\n","protected":false},"excerpt":{"rendered":"<p>&nbsp; Somos un medio cuyo \u00fanico compromiso es con vos y con la verdad. Con mejor informaci\u00f3n, m\u00e1s canales de participaci\u00f3n y nuevos espacios de comunicaci\u00f3n, cada propuesta que llevamos adelante es otra forma de agradecer tu lugar en Todas Las Voces Todas, por eso seguimos haciendo periodismo.<\/p>\n","protected":false},"author":1,"featured_media":0,"parent":0,"menu_order":0,"comment_status":"closed","ping_status":"open","template":"","meta":[],"_links":{"self":[{"href":"https:\/\/fm22.com.ar\/index.php\/wp-json\/wp\/v2\/pages\/2"}],"collection":[{"href":"https:\/\/fm22.com.ar\/index.php\/wp-json\/wp\/v2\/pages"}],"about":[{"href":"https:\/\/fm22.com.ar\/index.php\/wp-json\/wp\/v2\/types\/page"}],"author":[{"embeddable":true,"href":"https:\/\/fm22.com.ar\/index.php\/wp-json\/wp\/v2\/users\/1"}],"replies":[{"embeddable":true,"href":"https:\/\/fm22.com.ar\/index.php\/wp-json\/wp\/v2\/comments?post=2"}],"version-history":[{"count":4,"href":"https:\/\/fm22.com.ar\/index.php\/wp-json\/wp\/v2\/pages\/2\/revisions"}],"predecessor-version":[{"id":376,"href":"https:\/\/fm22.com.ar\/index.php\/wp-json\/wp\/v2\/pages\/2\/revisions\/376"}],"wp:attachment":[{"href":"https:\/\/fm22.com.ar\/index.php\/wp-json\/wp\/v2\/media?parent=2"}],"curies":[{"name":"wp","href":"https:\/\/api.w.org\/{rel}","templated":true}]}}